{"id":546,"date":"2026-03-04T15:06:46","date_gmt":"2026-03-04T15:06:46","guid":{"rendered":"https:\/\/sinofos.cat\/politica-de-privacidad\/"},"modified":"2026-03-18T12:55:02","modified_gmt":"2026-03-18T12:55:02","slug":"politica-de-privacidad","status":"publish","type":"page","link":"https:\/\/sinofos.cat\/es\/politica-de-privacidad\/","title":{"rendered":"Pol\u00edtica de privacidad"},"content":{"rendered":"\r\n\r\n<div class=\"et_pb_section_0 et_pb_section et_section_regular et_block_section\">\r\n\r\n<div class=\"et_pb_row_0 et_pb_row et_block_row preset--module--divi-row--default\">\r\n\r\n<div class=\"et_pb_column_0 et_pb_column et_pb_column_4_4 et-last-child et_block_column et_pb_css_mix_blend_mode_passthrough\">\r\n\r\n<div class=\"et_pb_text_0 et_pb_text et_pb_bg_layout_light et_pb_module et_flex_module preset--module--divi-text--default\"><div class=\"et_pb_text_inner\"><h1>POL\u00cdTICA DE PRIVACIDAD<\/h1>\n<\/div><\/div><\/div><\/div><\/div>\r\n\r\n<div class=\"et_pb_section_1 et_pb_section et_section_regular et_flex_section\">\r\n\r\n<div class=\"et_pb_row_1 et_pb_row et_flex_row preset--module--divi-row--default\">\r\n\r\n<div class=\"et_pb_column_1 et_pb_column et-last-child et_flex_column et_pb_css_mix_blend_mode_passthrough et_flex_column_24_24 et_flex_column_24_24_tablet et_flex_column_24_24_phone\">\r\n\r\n<div class=\"et_pb_text_1 et_pb_text et_pb_bg_layout_light et_pb_module et_flex_module preset--module--divi-text--default\"><div class=\"et_pb_text_inner\"><p>Sinofos, como responsable del tratamiento, a trav\u00e9s de su plataforma www.sinofos.com, garantiza un nivel adecuado y coherente de protecci\u00f3n de las personas f\u00edsicas en relaci\u00f3n con sus datos personales, seg\u00fan el Reglamento General de Protecci\u00f3n de Datos (679\/2016) y la Ley Org\u00e1nica 3\/2018 de protecci\u00f3n de datos y garant\u00eda de los derechos digitales.<\/p>\n<p>Sinofos trata datos personales con responsabilidad, de forma leal y seg\u00fan las bases jur\u00eddicas que permiten la licitud del tratamiento. Tambi\u00e9n ha adoptado las medidas de seguridad adecuadas para proteger los derechos y libertades de las personas interesadas.<\/p>\n<p><strong>Responsable del tratamiento:<\/strong><br \/>Identidad: Sinofos<br \/>NIF: XXXX<br \/>Direcci\u00f3n: <span>Pla\u00e7a de Catalunya, n\u00ba25, B, 17002 Girona<\/span><br \/>Correo electr\u00f3nico:<span> hola<\/span>@sinofos.com<\/p>\n<p><strong>Finalidades del tratamiento:<\/strong><br \/>En www.sinofos.com tratamos tus datos para:<br \/>\u2022 Atender tus solicitudes de informaci\u00f3n a trav\u00e9s del correo electr\u00f3nico y el formulario de contacto (Art. 6.1.a RGPD).<br \/>\u2022 Gestionar tu registro como usuario y prestar los servicios de venta online (Art. 6.1.b RGPD).<br \/>Una vez cumplida la finalidad, los datos ser\u00e1n destruidos, excepto aquellos que sea necesario conservar para cumplir obligaciones legales o gestionar reclamaciones.<\/p>\n<p><strong>Destinatarios:<\/strong><br \/>Tus datos no se ceder\u00e1n a terceros, excepto en caso de obligaci\u00f3n legal.<\/p>\n<p><strong>Derechos del interesado:<\/strong><br \/>Como usuario, tienes derecho a:<br \/>\u2022 Acceder, rectificar y suprimir los datos.<br \/>\u2022 Solicitar la limitaci\u00f3n del tratamiento.<br \/>\u2022 Oponerte al tratamiento.<br \/>\u2022 Retirar el consentimiento en cualquier momento.<\/p>\n<p>Para ejercer tus derechos, contacta con nosotros en <span>hola<\/span>@sinofos.com. Si consideras que tus derechos han sido vulnerados, puedes presentar una reclamaci\u00f3n ante la Agencia Espa\u00f1ola de Protecci\u00f3n de Datos:<span> <\/span><a href=\"http:\/\/www.aepd.es\/\">www.aepd.es<\/a><\/p>\n<\/div><\/div><\/div><\/div><\/div>","protected":false},"excerpt":{"rendered":"","protected":false},"author":3,"featured_media":0,"parent":0,"menu_order":0,"comment_status":"closed","ping_status":"closed","template":"","meta":{"_acf_changed":false,"footnotes":""},"class_list":["post-546","page","type-page","status-publish","hentry"],"dsm_author":{"name":"Cactus SenyGrafic","avatar_url":"https:\/\/secure.gravatar.com\/avatar\/bb454ee17ba8e47272d849674b566136b7ec16cd0105cc978af9d0592d1fb69a?s=96&d=mm&r=g","archive_link":"https:\/\/sinofos.cat\/es\/author\/cactussenygrafic\/","biodata":""},"dsm_categories":[],"dsm_attachment_categories":[],"dsm_featured_image":null,"acf":[],"_links":{"self":[{"href":"https:\/\/sinofos.cat\/es\/wp-json\/wp\/v2\/pages\/546","targetHints":{"allow":["GET"]}}],"collection":[{"href":"https:\/\/sinofos.cat\/es\/wp-json\/wp\/v2\/pages"}],"about":[{"href":"https:\/\/sinofos.cat\/es\/wp-json\/wp\/v2\/types\/page"}],"author":[{"embeddable":true,"href":"https:\/\/sinofos.cat\/es\/wp-json\/wp\/v2\/users\/3"}],"replies":[{"embeddable":true,"href":"https:\/\/sinofos.cat\/es\/wp-json\/wp\/v2\/comments?post=546"}],"version-history":[{"count":2,"href":"https:\/\/sinofos.cat\/es\/wp-json\/wp\/v2\/pages\/546\/revisions"}],"predecessor-version":[{"id":555,"href":"https:\/\/sinofos.cat\/es\/wp-json\/wp\/v2\/pages\/546\/revisions\/555"}],"wp:attachment":[{"href":"https:\/\/sinofos.cat\/es\/wp-json\/wp\/v2\/media?parent=546"}],"curies":[{"name":"wp","href":"https:\/\/api.w.org\/{rel}","templated":true}]}}