{"id":558,"date":"2026-03-04T14:47:14","date_gmt":"2026-03-04T14:47:14","guid":{"rendered":"https:\/\/sinofos.cat\/aviso-legal\/"},"modified":"2026-03-18T12:55:06","modified_gmt":"2026-03-18T12:55:06","slug":"aviso-legal","status":"publish","type":"page","link":"https:\/\/sinofos.cat\/es\/aviso-legal\/","title":{"rendered":"Aviso legal"},"content":{"rendered":"\r\n\r\n<div class=\"et_pb_section_0 et_pb_section et_section_regular et_block_section\">\r\n\r\n<div class=\"et_pb_row_0 et_pb_row et_block_row preset--module--divi-row--default\">\r\n\r\n<div class=\"et_pb_column_0 et_pb_column et_pb_column_4_4 et-last-child et_block_column et_pb_css_mix_blend_mode_passthrough\">\r\n\r\n<div class=\"et_pb_text_0 et_pb_text et_pb_bg_layout_light et_pb_module et_flex_module preset--module--divi-text--default\"><div class=\"et_pb_text_inner\"><h1>AVISO LEGAL<\/h1>\n<\/div><\/div><\/div><\/div><\/div>\r\n\r\n<div class=\"et_pb_section_1 et_pb_section et_section_regular et_flex_section\">\r\n\r\n<div class=\"et_pb_row_1 et_pb_row et_flex_row preset--module--divi-row--default\">\r\n\r\n<div class=\"et_pb_column_1 et_pb_column et-last-child et_flex_column et_pb_css_mix_blend_mode_passthrough et_flex_column_24_24 et_flex_column_24_24_tablet et_flex_column_24_24_phone\">\r\n\r\n<div class=\"et_pb_text_1 et_pb_text et_pb_bg_layout_light et_pb_module et_flex_module preset--module--divi-text--default\"><div class=\"et_pb_text_inner\"><p>Este aviso es de visualizaci\u00f3n obligatoria y regula las condiciones de uso que deben ser observadas y respetadas por los usuarios de esta p\u00e1gina www.sinofos.com. Es importante leerlo atentamente, ya que el hecho de acceder a los materiales que se incluyen en \u00e9l y utilizarlos implica que el usuario ha le\u00eddo y acepta, sin reservas, las condiciones siguientes.<\/p>\n<p>En cumplimiento de la Ley de servicios de la sociedad de la informaci\u00f3n y comercio electr\u00f3nico, y otra legislaci\u00f3n complementaria, se informa que el titular del sitio www.sinofos.com es Sinofos, con domicilio social en Plaza de Catalu\u00f1a, n\u00ba25, B, 17002 Gerona con NIF n\u00fam. XXX.<\/p>\n<p>Sinofos podr\u00e1 realizar, en cualquier momento y sin necesidad de aviso previo, modificaciones y actualizaciones sobre la informaci\u00f3n contenida en su www.sinofos.com, as\u00ed como en su configuraci\u00f3n o presentaci\u00f3n.<\/p>\n<p>Sinofos hace todos los esfuerzos posibles para que la informaci\u00f3n suministrada a trav\u00e9s de su sitio www.sinofos.com sea clara, comprensible y adecuada, as\u00ed como para evitar errores en la medida de lo posible y, en su caso, corregirlos o actualizarlos. No obstante, Sinofos no puede garantizar la inexistencia de errores ni que el contenido de la informaci\u00f3n se encuentre permanentemente actualizado.<\/p>\n<p>Los derechos de propiedad intelectual de los contenidos, textos, gu\u00edas, distintivos corporativos e im\u00e1genes de este sitio www.sinofos.com son propiedad de Sinofos y, en su caso, de las dem\u00e1s asociaciones y entidades mencionadas en esta p\u00e1gina, y est\u00e1n protegidos por el ordenamiento jur\u00eddico espa\u00f1ol y por las normas comunitarias e internacionales que sean aplicables.<\/p>\n<p>La reproducci\u00f3n, distribuci\u00f3n, comercializaci\u00f3n o transformaci\u00f3n no autorizadas de estos contenidos \u2014excepto en los supuestos legalmente permitidos para uso personal y privado\u2014 constituyen una infracci\u00f3n de los derechos de propiedad intelectual de Sinofos o de su titular leg\u00edtimo.<\/p>\n<p>Queda prohibida la reproducci\u00f3n, total o parcial, distribuci\u00f3n, comercializaci\u00f3n o transformaci\u00f3n de cualquiera de los contenidos del sitio www.sinofos.com sin la autorizaci\u00f3n previa y por escrito de Sinofos.<\/p>\n<p>Se autoriza la impresi\u00f3n y descarga de extractos de los contenidos del sitio www.sinofos.com de Sinofos \u00fanicamente cuando se realicen para uso personal y privado. Las solicitudes a este efecto se pueden dirigir a hola@sinofos.com. Para ejercer el derecho de cita, es necesario mencionar a Sinofos como titular de los extractos y www.sinofos.com como fuente de la informaci\u00f3n, si procede.<\/p>\n<p>En los casos en que los extractos sean titularidad de un tercero, ser\u00e1 necesario indicar: \u201c\u00a9 (Sinofos\u201d tal como aparece publicado en el sitio www.sinofos.com de Sinofos. En cualquier caso, ser\u00e1 necesario informarlo por correo electr\u00f3nico a hola@sinofos.com.<\/p>\n<p>Sinofos no se hace responsable del uso inadecuado que terceros puedan hacer de esta p\u00e1gina www.sinofos.com ni de la informaci\u00f3n que se transmita en ella. Los contenidos tienen car\u00e1cter meramente informativo; el uso que haga el usuario y las consecuencias, da\u00f1os o perjuicios que se puedan derivar son responsabilidad exclusiva del usuario.<\/p>\n<p>Sinofos se reserva el derecho de ejercer las acciones legales que considere oportunas derivadas de cualquier uso il\u00edcito de los contenidos de su p\u00e1gina www.sinofos.com por parte de terceros. Todos los datos de car\u00e1cter personal solicitados en el sitio www.sinofos.com se recogen para la correcta gesti\u00f3n de las actividades de Sinofos.<\/p>\n<p>En ning\u00fan caso ser\u00e1n utilizados para otras finalidades ni cedidos a terceros. Sinofos se declara claramente en contra del \u201cspam\u201d, y no realizar\u00e1 ning\u00fan env\u00edo comercial sin autorizaci\u00f3n previa.<br \/>Los datos recogidos en formularios del sitio www.sinofos.com se incorporan a los ficheros debidamente protegidos de Sinofos.<\/p>\n<p>Este sitio www.sinofos.com utiliza tecnolog\u00eda \u201ccookies\u201d y almacena informaci\u00f3n en el equipo desde el cual se accede. Tambi\u00e9n utiliza un sistema que recoge informaci\u00f3n personalizada sobre la navegaci\u00f3n de los usuarios.<\/p>\n<p>Sinofos es el responsable del tratamiento de datos. Los derechos de acceso, rectificaci\u00f3n, cancelaci\u00f3n y oposici\u00f3n reconocidos en la Ley Org\u00e1nica 15\/1999 de Protecci\u00f3n de Datos deber\u00e1n ejercerse dirigi\u00e9ndose al Departamento de Atenci\u00f3n al Cliente de Sinofos mediante la direcci\u00f3n de correo electr\u00f3nico hola@sinofos.com o por correo postal a Plaza de Catalu\u00f1a, n\u00ba25, B, 17002 Gerona.<\/p>\n<div id=\"gtx-trans\" style=\"position: absolute; left: -10px; top: 629px;\">\n<div class=\"gtx-trans-icon\"><\/div>\n<\/div>\n<\/div><\/div><\/div><\/div><\/div>","protected":false},"excerpt":{"rendered":"","protected":false},"author":3,"featured_media":0,"parent":0,"menu_order":0,"comment_status":"closed","ping_status":"closed","template":"","meta":{"_acf_changed":false,"footnotes":""},"class_list":["post-558","page","type-page","status-publish","hentry"],"dsm_author":{"name":"Cactus SenyGrafic","avatar_url":"https:\/\/secure.gravatar.com\/avatar\/bb454ee17ba8e47272d849674b566136b7ec16cd0105cc978af9d0592d1fb69a?s=96&d=mm&r=g","archive_link":"https:\/\/sinofos.cat\/es\/author\/cactussenygrafic\/","biodata":""},"dsm_categories":[],"dsm_attachment_categories":[],"dsm_featured_image":null,"acf":[],"_links":{"self":[{"href":"https:\/\/sinofos.cat\/es\/wp-json\/wp\/v2\/pages\/558","targetHints":{"allow":["GET"]}}],"collection":[{"href":"https:\/\/sinofos.cat\/es\/wp-json\/wp\/v2\/pages"}],"about":[{"href":"https:\/\/sinofos.cat\/es\/wp-json\/wp\/v2\/types\/page"}],"author":[{"embeddable":true,"href":"https:\/\/sinofos.cat\/es\/wp-json\/wp\/v2\/users\/3"}],"replies":[{"embeddable":true,"href":"https:\/\/sinofos.cat\/es\/wp-json\/wp\/v2\/comments?post=558"}],"version-history":[{"count":2,"href":"https:\/\/sinofos.cat\/es\/wp-json\/wp\/v2\/pages\/558\/revisions"}],"predecessor-version":[{"id":562,"href":"https:\/\/sinofos.cat\/es\/wp-json\/wp\/v2\/pages\/558\/revisions\/562"}],"wp:attachment":[{"href":"https:\/\/sinofos.cat\/es\/wp-json\/wp\/v2\/media?parent=558"}],"curies":[{"name":"wp","href":"https:\/\/api.w.org\/{rel}","templated":true}]}}